{"id":2267,"date":"2019-10-04T18:33:07","date_gmt":"2019-10-04T16:33:07","guid":{"rendered":"https:\/\/ensarnaut.com\/privacy-policy\/"},"modified":"2019-10-04T18:33:12","modified_gmt":"2019-10-04T16:33:12","slug":"privacy-policy","status":"publish","type":"page","link":"https:\/\/ensarnaut.com\/en\/privacy-policy\/","title":{"rendered":"Privacy Policy"},"content":{"rendered":"<p>[et_pb_section admin_label=&#8221;section&#8221;]<br \/>\n\t\t[et_pb_row admin_label=&#8221;row&#8221;]<br \/>\n\t\t\t[et_pb_column type=&#8221;4_4&#8243;][et_pb_text admin_label=&#8221;Text&#8221;]<\/p>\n\n<h2 class=\"wp-block-heading\"><em>Who we are<\/em><\/h2>\n\n<p\/>\n\n<p>Our website address is: https:\/\/ensarnaut.com.<\/p>\n\n<p>The person in charge of the publication is Marianne Vergez.<\/p>\n\n<h2 class=\"wp-block-heading\"><em>What personal data we collect and why we collect it<\/em><\/h2>\n\n<p\/>\n\n<h3 class=\"wp-block-heading\">Comments<\/h3>\n\n<p>When visitors leave comments on the site we collect the data shown in the comments form, and also the visitor\u2019s IP address and browser user agent string to help spam detection.<\/p>\n\n<p>An anonymized string created from your email address (also called a hash) may be provided to the Gravatar service to see if you are using it. The Gravatar service privacy policy is available here: https:\/\/automattic.com\/privacy\/. After approval of your comment, your profile picture is visible to the public in the context of your comment.<\/p>\n\n<h3 class=\"wp-block-heading\">Media<\/h3>\n\n<p>If you upload images to the website, you should avoid uploading images with embedded location data (EXIF GPS) included. Visitors to the website can download and extract any location data from images on the website.<\/p>\n\n<h3 class=\"wp-block-heading\">Contact forms<\/h3>\n\n<p>When filling in the contact form, the data you provide us with are collected: your name, e-mail address and message. This data is only used to allow us to respond to you<\/p>\n\n<h3 class=\"wp-block-heading\">Newsletter<\/h3>\n\n<p>The free subscription to our newsletter &#8220;L&#8217;Echo des logis&#8221; is done in two steps via the use of the Newsletter extension. We collect the name, first name and address you provide us. <\/p>\n\n<p>The data collected when you subscribe is only stored on our own server and is only used to send our newsletter.<\/p>\n\n<h3 class=\"wp-block-heading\">Booking form<\/h3>\n\n<p>When you fill in the booking form, we collect all the data you provide us: your name, first name, address, telephone number, e-mail address, dates of stay, number of people (adults\/children)<\/p>\n\n<p>This data is used to contact you and draft the rental contract.<\/p>\n\n<h3 class=\"wp-block-heading\">Cookies<\/h3>\n\n<p>If you leave a comment on our site you may opt-in to saving your name, email address and website in cookies. These are for your convenience so that you do not have to fill in your details again when you leave another comment. These cookies will last for one year.<\/p>\n\n<p>If you have an account and you log in to this site, we will set a temporary cookie to determine if your browser accepts cookies. This cookie contains no personal data and is discarded when you close your browser.<\/p>\n\n<p>When you log in, we will also set up several cookies to save your login information and your screen display choices. Login cookies last for two days, and screen options cookies last for a year. If you select \u00ab Remember Me \u00bb, your login will persist for two weeks. If you log out of your account, the login cookies will be removed.<\/p>\n\n<p>If you edit or publish an article, an additional cookie will be saved in your browser. This cookie includes no personal data. It simply indicates the post ID of the article you just edited. It expires after 1 day.<\/p>\n\n<p>When you connect to our site, a banner gives you the choice to accept all or part of the cookies, if you want to change your choice, you can do so here : <a href=\"#\">Cookies management<\/a>.<\/p>\n\n<h3 class=\"wp-block-heading\">Embedded content from other websites<\/h3>\n\n<p>Articles on this site may include embedded content (e.g. videos, images, articles, etc.). Embedded content from other websites behaves in the exact same way as if the visitor has visited the other website.<\/p>\n\n<p>These websites may collect data about you, use cookies, embed additional third-party tracking, and monitor your interaction with that embedded content, including tracking your interaction with the embedded content if you have an account and are logged in to that website.<\/p>\n\n<h3 class=\"wp-block-heading\">Analytics<\/h3>\n\n<p>Analytics are collected by Google Analytics via a tracking code. We measure the sources of access to our site, the number of visits, the number of pages viewed, as well as visitor activity on the site and their frequency of return. You can view the list of cookies used by Google Analytics: <a href=\"https:\/\/developers.google.com\/analytics\/devguides\/collection\/analyticsjs\/cookie-usage?hl=fr\">https:\/\/developers.google.com\/analytics\/devguides\/collection\/analyticsjs\/cookie-usage?hl=fr<\/a><\/p>\n\n<p>To learn more about Google Analytics&#8217; privacy policy, please visit the following page : <a href=\"https:\/\/policies.google.com\/privacy\/update?hl=fr-CA\">Google Privacy Policy<\/a>. The following link allows you to save a cookie in your browser to disable audience measurement cookies: <a href=\"https:\/\/tools.google.com\/dlpage\/gaoptout?hl=fr\">https:\/\/tools.google.com\/dlpage\/gaoptout?hl=fr<\/a><\/p>\n\n<h2 class=\"wp-block-heading\"><em>Who we share your data with<\/em><\/h2>\n\n<p\/>\n\n<p>We are committed to protecting your personal data. We do not sell, rent or transfer databases to third party companies.<br\/>None of your data is sent internationally. <\/p>\n\n<h2 class=\"wp-block-heading\"><em>How long we retain your data<\/em><\/h2>\n\n<p\/>\n\n<p>If you leave a comment, the comment and its metadata are retained indefinitely. This is so we can recognize and approve any follow-up comments automatically instead of holding them in a moderation queue.<\/p>\n\n<p>For users that register on our website (if any), we also store the personal information they provide in their user profile. All users can see, edit, or delete their personal information at any time (except they cannot change their username). Website administrators can also see and edit that information.<\/p>\n\n<h2 class=\"wp-block-heading\"><em>What rights you have over your data<\/em><\/h2>\n\n<p\/>\n\n<p>If you have an account on this site, or have left comments, you can request to receive an exported file of the personal data we hold about you, including any data you have provided to us. You can also request that we erase any personal data we hold about you. This does not include any data we are obliged to keep for administrative, legal, or security purposes.<\/p>\n\n<h2 class=\"wp-block-heading\"><em>Where we send your data<\/em><\/h2>\n\n<p\/>\n\n<p>Visitor comments may be checked through an automated spam detection service.<\/p>\n\n<h2 class=\"wp-block-heading\"><em>Your contact information<\/em><\/h2>\n\n<p\/>\n\n<p>You can contact us using email : info@ensarnaut.com<\/p>\n\n<p>By post to the following address:<\/p>\n\n<p>Les \u00e9co-logis d&#8217;Ensarnaut, Lieu-dit Ensarnaut, 32260 Lamagu\u00e8re<\/p>\n\n<h2 class=\"wp-block-heading\"><em>Additional information<\/em><\/h2>\n\n<p\/>\n\n<h3 class=\"wp-block-heading\">How we protect your data<\/h3>\n\n<p>All the data on our website is stored at our Webfaction host. To learn more about the Privacy Policy of Webfaction, please follow this link<a href=\"https:\/\/www.ovh.com\/fr\/protection-donnees-personnelles\/gdpr.xml\"\/> : <a href=\"https:\/\/www.webfaction.com\/local_media\/WebFactionDPA.pdf\">Politique de protection des donn\u00e9es Webfaction<\/a>. <\/p>\n\n<h3 class=\"wp-block-heading\"\/>\n<p>[\/et_pb_text][\/et_pb_column]<br \/>\n\t\t[\/et_pb_row]<br \/>\n\t[\/et_pb_section]<\/p>\n","protected":false},"excerpt":{"rendered":"<p>Who we are Our website address is: https:\/\/ensarnaut.com. The person in charge of the publication is Marianne Vergez. What personal data we collect and why we collect it Comments When visitors leave comments on the site we collect the data shown in the comments form, and also the visitor\u2019s IP address and browser user agent [&hellip;]<\/p>\n","protected":false},"author":2,"featured_media":0,"parent":0,"menu_order":0,"comment_status":"closed","ping_status":"closed","template":"","meta":{"_et_pb_use_builder":"on","_et_pb_old_content":"<!-- wp:heading -->\n<h2><em>Qui sommes-nous\u00a0?<\/em><\/h2>\n<!-- \/wp:heading -->\n\n<!-- wp:paragraph -->\n<p><\/p>\n<!-- \/wp:paragraph -->\n\n<!-- wp:paragraph -->\n<p>L\u2019adresse de notre site Web est\u00a0: https:\/\/ensarnaut.com.<\/p>\n<!-- \/wp:paragraph -->\n\n<!-- wp:paragraph -->\n<p>La personne en charge de la publication est Marianne Vergez.<\/p>\n<!-- \/wp:paragraph -->\n\n<!-- wp:heading -->\n<h2><em>Utilisation des donn\u00e9es personnelles collect\u00e9es<\/em><\/h2>\n<!-- \/wp:heading -->\n\n<!-- wp:paragraph -->\n<p><\/p>\n<!-- \/wp:paragraph -->\n\n<!-- wp:heading {\"level\":3} -->\n<h3>Commentaires<\/h3>\n<!-- \/wp:heading -->\n\n<!-- wp:paragraph -->\n<p>Quand vous laissez un commentaire sur notre site web, les donn\u00e9es inscrites dans le formulaire de commentaire, mais aussi votre adresse IP et l\u2019agent utilisateur de votre navigateur sont collect\u00e9s pour nous aider \u00e0 la d\u00e9tection des commentaires ind\u00e9sirables.<\/p>\n<!-- \/wp:paragraph -->\n\n<!-- wp:paragraph -->\n<p>Une cha\u00eene anonymis\u00e9e cr\u00e9\u00e9e \u00e0 partir de votre adresse de messagerie (\u00e9galement appel\u00e9e hash) peut \u00eatre envoy\u00e9e au service Gravatar pour v\u00e9rifier si vous utilisez ce dernier. Les clauses de confidentialit\u00e9 du service Gravatar sont disponibles ici&nbsp;: https:\/\/automattic.com\/privacy\/. Apr\u00e8s validation de votre commentaire, votre photo de profil sera visible publiquement \u00e0 cot\u00e9 de votre commentaire.<\/p>\n<!-- \/wp:paragraph -->\n\n<!-- wp:heading {\"level\":3} -->\n<h3>M\u00e9dias<\/h3>\n<!-- \/wp:heading -->\n\n<!-- wp:paragraph -->\n<p>Si vous \u00eates un utilisateur ou une utilisatrice enregistr\u00e9\u00b7e et que vous t\u00e9l\u00e9versez des images sur le site web, nous vous conseillons d\u2019\u00e9viter de t\u00e9l\u00e9verser des images contenant des donn\u00e9es EXIF de coordonn\u00e9es GPS. Les visiteurs de votre site web peuvent t\u00e9l\u00e9charger et extraire des donn\u00e9es de localisation depuis ces images.<\/p>\n<!-- \/wp:paragraph -->\n\n<!-- wp:heading {\"level\":3} -->\n<h3>Formulaires de contact<\/h3>\n<!-- \/wp:heading -->\n\n<!-- wp:paragraph -->\n<p>Lors du remplissage du formulaire de contact, sont collect\u00e9es les donn\u00e9es que vous nous fournissez : vos nom, adresse \u00e9lectronique et message.\u00a0 Ces donn\u00e9es sont uniquement utilis\u00e9es pour nous permettre de vous r\u00e9pondre.<\/p>\n<!-- \/wp:paragraph -->\n\n<!-- wp:heading {\"level\":3} -->\n<h3>Newsletter<\/h3>\n<!-- \/wp:heading -->\n\n<!-- wp:paragraph -->\n<p>L'abonnement gratuit \u00e0 notre newsletter \"L'Echo des logis\" se fait en deux \u00e9tapes via l'utilisation de l'extension Newsletter. Nous collectons les nom, pr\u00e9nom et adresse que vous nous fournissez. <\/p>\n<!-- \/wp:paragraph -->\n\n<!-- wp:paragraph -->\n<p>Les donn\u00e9es collect\u00e9es quand vous vous abonnez sont uniquement stock\u00e9es sur notre propre serveur et ont pour seule utilisation l'envoi de notre newsletter.<\/p>\n<!-- \/wp:paragraph -->\n\n<!-- wp:heading {\"level\":3} -->\n<h3>Formulaire de r\u00e9servation<\/h3>\n<!-- \/wp:heading -->\n\n<!-- wp:paragraph -->\n<p>Lorsque vous remplissez le formulaire de r\u00e9servation, nous collectons l'ensemble des donn\u00e9es que vous nous fournissez : vos nom, pr\u00e9nom, adresse, num\u00e9ro de t\u00e9l\u00e9phone, adresse mail, dates de s\u00e9jour, nombre de personnes (adultes\/enfants)<\/p>\n<!-- \/wp:paragraph -->\n\n<!-- wp:paragraph -->\n<p>Ces donn\u00e9es sont exploit\u00e9es pour entrer en contact avec vous et r\u00e9diger le contrat de location.<\/p>\n<!-- \/wp:paragraph -->\n\n<!-- wp:heading {\"level\":3} -->\n<h3>Cookies<\/h3>\n<!-- \/wp:heading -->\n\n<!-- wp:paragraph -->\n<p>Si vous d\u00e9posez un commentaire sur notre site, il vous sera propos\u00e9 d\u2019enregistrer votre nom, adresse de messagerie et site web dans des cookies. C\u2019est uniquement pour votre confort afin de ne pas avoir \u00e0 saisir ces informations si vous d\u00e9posez un autre commentaire plus tard. Ces cookies expirent au bout d\u2019un an.<\/p>\n<!-- \/wp:paragraph -->\n\n<!-- wp:paragraph -->\n<p>Si vous vous rendez sur la page de connexion, un cookie temporaire sera cr\u00e9\u00e9 afin de d\u00e9terminer si votre navigateur accepte les cookies. Il ne contient pas de donn\u00e9es personnelles et sera supprim\u00e9 automatiquement \u00e0 la fermeture de votre navigateur.<\/p>\n<!-- \/wp:paragraph -->\n\n<!-- wp:paragraph -->\n<p>Lorsque vous vous connecterez, nous mettrons en place un certain nombre de cookies pour enregistrer vos informations de connexion et vos pr\u00e9f\u00e9rences d\u2019\u00e9cran. La dur\u00e9e de vie d\u2019un cookie de connexion est de deux jours, celle d\u2019un cookie d\u2019option d\u2019\u00e9cran est d\u2019un an. Si vous cochez \u00ab&nbsp;Se souvenir de moi&nbsp;\u00bb, votre cookie de connexion sera conserv\u00e9 pendant deux semaines. Si vous vous d\u00e9connectez de votre compte, le cookie de connexion sera effac\u00e9.<\/p>\n<!-- \/wp:paragraph -->\n\n<!-- wp:paragraph -->\n<p>En modifiant ou en publiant une publication, un cookie suppl\u00e9mentaire sera enregistr\u00e9 dans votre navigateur. Ce cookie ne comprend aucune donn\u00e9e personnelle. Il indique simplement l\u2019ID de la publication que vous venez de modifier. Il expire au bout d\u2019un jour.<\/p>\n<!-- \/wp:paragraph -->\n\n<!-- wp:paragraph -->\n<p>Lorsque vous vous connectez \u00e0 notre site, une banni\u00e8re vous donne le choix d'accepter tout ou partie des cookies, si vous souhaitez modifier votre choix, vous pouvez le faire ici : <a href=\"#\">Gestion des cookies<\/a>.<\/p>\n<!-- \/wp:paragraph -->\n\n<!-- wp:heading {\"level\":3} -->\n<h3>Contenu embarqu\u00e9 depuis d\u2019autres sites<\/h3>\n<!-- \/wp:heading -->\n\n<!-- wp:paragraph -->\n<p>Les articles de ce site peuvent inclure des contenus int\u00e9gr\u00e9s (par exemple des vid\u00e9os, images, articles\u2026). Le contenu int\u00e9gr\u00e9 depuis d\u2019autres sites se comporte de la m\u00eame mani\u00e8re que si le visiteur se rendait sur cet autre site.<\/p>\n<!-- \/wp:paragraph -->\n\n<!-- wp:paragraph -->\n<p>Ces sites web pourraient collecter des donn\u00e9es sur vous, utiliser des cookies, embarquer des outils de suivis tiers, suivre vos interactions avec ces contenus embarqu\u00e9s si vous disposez d\u2019un compte connect\u00e9 sur leur site web.<\/p>\n<!-- \/wp:paragraph -->\n\n<!-- wp:heading {\"level\":3} -->\n<h3>Statistiques et mesures d\u2019audience<\/h3>\n<!-- \/wp:heading -->\n\n<!-- wp:paragraph -->\n<p>Les statiques et mesures d\u2019audience sont collect\u00e9es par\u00a0Google Analytics via un code de suivi. Nous mesurons les sources d\u2019acc\u00e8s \u00e0 notre site, le nombre de visites, le nombre de pages vues ainsi que l\u2019activit\u00e9 des visiteurs sur le site et leur fr\u00e9quence de retour.\u00a0Vous pouvez consulter la liste des cookies utilis\u00e9s par Google Analytics :\u00a0<a href=\"https:\/\/developers.google.com\/analytics\/devguides\/collection\/analyticsjs\/cookie-usage?hl=fr\">https:\/\/developers.google.com\/analytics\/devguides\/collection\/analyticsjs\/cookie-usage?hl=fr<\/a><\/p>\n<!-- \/wp:paragraph -->\n\n<!-- wp:paragraph -->\n<p>Pour conna\u00eetre la politique de confidentialit\u00e9 de Google Analytics, nous vous invitons \u00e0 consulter la page suivante :&nbsp;<a href=\"https:\/\/policies.google.com\/privacy\/update?hl=fr-CA\">Politique de confidentialit\u00e9 Google<\/a>. Le lien suivant vous permet d\u2019enregistrer un cookie dans votre navigateur afin de d\u00e9sactiver les cookies de mesure d\u2019audience :&nbsp;<a href=\"https:\/\/tools.google.com\/dlpage\/gaoptout?hl=fr\">https:\/\/tools.google.com\/dlpage\/gaoptout?hl=fr<\/a><\/p>\n<!-- \/wp:paragraph -->\n\n<!-- wp:heading -->\n<h2><em>Utilisation et transmission de vos donn\u00e9es personnelles<\/em><\/h2>\n<!-- \/wp:heading -->\n\n<!-- wp:paragraph -->\n<p><\/p>\n<!-- \/wp:paragraph -->\n\n<!-- wp:paragraph -->\n<p>Nous nous engageons \u00e0 prot\u00e9ger vos donn\u00e9es personnelles.\u00a0Nous ne proc\u00e9dons pas \u00e0 la vente, location ou transferts de base de donn\u00e9es \u00e0 des entreprises tierces.<br>Aucune de vos donn\u00e9es ne sont envoy\u00e9es \u00e0 l'international.\u00a0 <\/p>\n<!-- \/wp:paragraph -->\n\n<!-- wp:heading -->\n<h2><em>Dur\u00e9es de stockage de vos donn\u00e9es<\/em><\/h2>\n<!-- \/wp:heading -->\n\n<!-- wp:paragraph -->\n<p><\/p>\n<!-- \/wp:paragraph -->\n\n<!-- wp:paragraph -->\n<p>Si vous laissez un commentaire, le commentaire et ses m\u00e9tadonn\u00e9es sont conserv\u00e9s ind\u00e9finiment. Cela permet de reconna\u00eetre et approuver automatiquement les commentaires suivants au lieu de les laisser dans la file de mod\u00e9ration.<\/p>\n<!-- \/wp:paragraph -->\n\n<!-- wp:paragraph -->\n<p>Pour les utilisateurs et utilisatrices qui s\u2019enregistrent sur notre site (si cela est possible), nous stockons \u00e9galement les donn\u00e9es personnelles indiqu\u00e9es dans leur profil. Tous les utilisateurs et utilisatrices peuvent voir, modifier ou supprimer leurs informations personnelles \u00e0 tout moment (\u00e0 l\u2019exception de leur nom d\u2019utilisateur\u00b7ice). Les gestionnaires du site peuvent aussi voir et modifier ces informations.<\/p>\n<!-- \/wp:paragraph -->\n\n<!-- wp:heading -->\n<h2><em>Les droits que vous avez sur vos donn\u00e9es<\/em><\/h2>\n<!-- \/wp:heading -->\n\n<!-- wp:paragraph -->\n<p><\/p>\n<!-- \/wp:paragraph -->\n\n<!-- wp:paragraph -->\n<p>Si vous avez un compte ou si vous avez laiss\u00e9 des commentaires sur le site, vous pouvez demander \u00e0 recevoir un fichier contenant toutes les donn\u00e9es personnelles que nous poss\u00e9dons \u00e0 votre sujet, incluant celles que vous nous avez fournies. Vous pouvez \u00e9galement demander la suppression des donn\u00e9es personnelles vous concernant. Cela ne prend pas en compte les donn\u00e9es stock\u00e9es \u00e0 des fins administratives, l\u00e9gales ou pour des raisons de s\u00e9curit\u00e9.<\/p>\n<!-- \/wp:paragraph -->\n\n<!-- wp:heading -->\n<h2><em>Transmission de vos donn\u00e9es personnelles<\/em><\/h2>\n<!-- \/wp:heading -->\n\n<!-- wp:paragraph -->\n<p><\/p>\n<!-- \/wp:paragraph -->\n\n<!-- wp:paragraph -->\n<p>Les commentaires des visiteurs peuvent \u00eatre v\u00e9rifi\u00e9s \u00e0 l\u2019aide d\u2019un service automatis\u00e9 de d\u00e9tection des commentaires ind\u00e9sirables.<\/p>\n<!-- \/wp:paragraph -->\n\n<!-- wp:heading -->\n<h2><em>Informations de contact<\/em><\/h2>\n<!-- \/wp:heading -->\n\n<!-- wp:paragraph -->\n<p><\/p>\n<!-- \/wp:paragraph -->\n\n<!-- wp:paragraph -->\n<p>Vous pouvez nous contacter par email \u00e0 : info@ensarnaut.com<\/p>\n<!-- \/wp:paragraph -->\n\n<!-- wp:paragraph -->\n<p>Par voie postale \u00e0 l\u2019adresse suivante:<\/p>\n<!-- \/wp:paragraph -->\n\n<!-- wp:paragraph -->\n<p>Les \u00e9co-logis d'Ensarnaut, Lieu-dit Ensarnaut, 32260 Lamagu\u00e8re<\/p>\n<!-- \/wp:paragraph -->\n\n<!-- wp:heading -->\n<h2><em>Informations suppl\u00e9mentaires<\/em><\/h2>\n<!-- \/wp:heading -->\n\n<!-- wp:paragraph -->\n<p><\/p>\n<!-- \/wp:paragraph -->\n\n<!-- wp:heading {\"level\":3} -->\n<h3>Comment nous prot\u00e9geons vos donn\u00e9es<\/h3>\n<!-- \/wp:heading -->\n\n<!-- wp:paragraph -->\n<p>L\u2019ensemble des donn\u00e9es de notre site internet sont stock\u00e9es chez notre h\u00e9bergeur Webfaction.\u00a0Pour conna\u00eetre la politique de confidentialit\u00e9 de notre h\u00e9bergeur, nous vous invitons \u00e0 consulter la page suiva<a href=\"https:\/\/www.ovh.com\/fr\/protection-donnees-personnelles\/gdpr.xml\"><\/a>nte : <a href=\"https:\/\/www.webfaction.com\/local_media\/WebFactionDPA.pdf\">Politique de protection des donn\u00e9es Webfaction<\/a>. <\/p>\n<!-- \/wp:paragraph -->\n\n<!-- wp:heading {\"level\":3} -->\n<h3><\/h3>\n<!-- \/wp:heading -->","_et_gb_content_width":"","footnotes":""},"_links":{"self":[{"href":"https:\/\/ensarnaut.com\/en\/wp-json\/wp\/v2\/pages\/2267"}],"collection":[{"href":"https:\/\/ensarnaut.com\/en\/wp-json\/wp\/v2\/pages"}],"about":[{"href":"https:\/\/ensarnaut.com\/en\/wp-json\/wp\/v2\/types\/page"}],"author":[{"embeddable":true,"href":"https:\/\/ensarnaut.com\/en\/wp-json\/wp\/v2\/users\/2"}],"replies":[{"embeddable":true,"href":"https:\/\/ensarnaut.com\/en\/wp-json\/wp\/v2\/comments?post=2267"}],"version-history":[{"count":6,"href":"https:\/\/ensarnaut.com\/en\/wp-json\/wp\/v2\/pages\/2267\/revisions"}],"predecessor-version":[{"id":2273,"href":"https:\/\/ensarnaut.com\/en\/wp-json\/wp\/v2\/pages\/2267\/revisions\/2273"}],"wp:attachment":[{"href":"https:\/\/ensarnaut.com\/en\/wp-json\/wp\/v2\/media?parent=2267"}],"curies":[{"name":"wp","href":"https:\/\/api.w.org\/{rel}","templated":true}]}}